{"id":2407,"date":"2024-12-11T21:44:58","date_gmt":"2024-12-11T20:44:58","guid":{"rendered":"https:\/\/temabiuro.pl\/?page_id=2407"},"modified":"2025-03-23T17:12:30","modified_gmt":"2025-03-23T16:12:30","slug":"polityka-prywatnosci-2","status":"publish","type":"page","link":"https:\/\/temabiuro.pl\/index.php\/polityka-prywatnosci-2\/","title":{"rendered":"Polityka prywatno\u015bci"},"content":{"rendered":"<div class=\"fusion-fullwidth fullwidth-box fusion-builder-row-1 fusion-flex-container nonhundred-percent-fullwidth non-hundred-percent-height-scrolling\" style=\"--awb-border-radius-top-left:0px;--awb-border-radius-top-right:0px;--awb-border-radius-bottom-right:0px;--awb-border-radius-bottom-left:0px;--awb-flex-wrap:wrap;\" ><div class=\"fusion-builder-row fusion-row fusion-flex-align-items-flex-start fusion-flex-content-wrap\" style=\"max-width:1248px;margin-left: calc(-4% \/ 2 );margin-right: calc(-4% \/ 2 );\"><div class=\"fusion-layout-column fusion_builder_column fusion-builder-column-0 fusion_builder_column_1_1 1_1 fusion-flex-column\" style=\"--awb-bg-size:cover;--awb-width-large:100%;--awb-margin-top-large:0px;--awb-spacing-right-large:1.92%;--awb-margin-bottom-large:0px;--awb-spacing-left-large:1.92%;--awb-width-medium:100%;--awb-spacing-right-medium:1.92%;--awb-spacing-left-medium:1.92%;--awb-width-small:100%;--awb-spacing-right-small:1.92%;--awb-spacing-left-small:1.92%;\"><div class=\"fusion-column-wrapper fusion-flex-justify-content-flex-start fusion-content-layout-column\"><div class=\"fusion-text fusion-text-1\"><p>Na podstawie art.13 ust. 1 i ust. 2 rozporz\u0105dzenia Parlamentu Europejskiego i Rady (UE) 2016\/679 z 27.4.2016 r. w sprawie ochrony os\u00f3b fizycznych w zwi\u0105zku z przetwarzaniem danych osobowych i w sprawie swobodnego przep\u0142ywu takich danych oraz uchylenia dyrektywy 95\/46\/WE (dalej: RODO), informuj\u0119, \u017ce:<\/p>\n<ol>\n<li><strong>Administratorem Pa\u0144stwa danych osobowych jest<\/strong>:<\/li>\n<\/ol>\n<p>TEMAbiuro Ksi\u0119gowo\u015b\u0107 i Kontroling Teresa Nowali\u0144ska-Maj.<\/p>\n<p>Adres, gdzie mo\u017cna przesy\u0142a\u0107 wszelk\u0105 korespondencje, w sprawach zwi\u0105zanych z przetwarzaniem Pa\u0144stwa danych osobowych:<\/p>\n<ol>\n<li>Aleksandra Fredry 4e\/22, 30-605 Krak\u00f3w.<\/li>\n<\/ol>\n<ol start=\"2\">\n<li><strong>U\u017cytkownikiem jest<\/strong> ka\u017cda osoba fizyczna, kt\u00f3rej dane dotycz\u0105, korzystaj\u0105ca z serwisu internetowego <a href=\"http:\/\/www.temabiuro.pl\">temabiuro.pl<\/a>, (dalej jako Serwis) lub us\u0142ug elektronicznych dost\u0119pnych za po\u015brednictwem Serwisu.<\/li>\n<\/ol>\n<ol start=\"3\">\n<li><strong>Cel przetwarzania danych osobowych<\/strong>:<\/li>\n<\/ol>\n<p>Pa\u0144stwa dane osobowe s\u0105 przetwarzane zgodnie z art. 23 Ustawy z dnia 29 sierpnia 1997 roku o ochronie danych osobowych (tj. Dz. U. z 2002 roku Nr 101, poz. 926 z p\u00f3\u017an. zm.) w celu:<\/p>\n<p>&#8211; ustalenia stanu faktycznego,<\/p>\n<p>&#8211; wykonania zleconej us\u0142ugi\/umowy\/analizy sytuacji finansowo-ksi\u0119gowej,<\/p>\n<p>&#8211; archiwizacji dokumentacji.<\/p>\n<p>Podanie danych osobowych nie jest obowi\u0105zkowe, jednak\u017ce ich niepodanie spowoduje, \u017ce zawarcie i realizacja Umowy b\u0119d\u0105 niemo\u017cliwe.<\/p>\n<ol start=\"4\">\n<li><strong>Zakres przetwarzania danych osobowych<\/strong>:<\/li>\n<\/ol>\n<p>Przetwarzanie Pa\u0144stwa danych osobowych, to jest danych, tj. adres, NIP, PIT, numery telefon\u00f3w, adresy mailowe oraz inne niezb\u0119dne ujawnione przez Pa\u0144stwa dane w celu realizacji zlecenia odbywa\u0107 si\u0119 b\u0119dzie wy\u0142\u0105cznie w celu wykonania czynno\u015bci wynikaj\u0105cych z przepis\u00f3w prawa lub do kt\u00f3rych jeste\u015bmy przez Pa\u0144stwo upowa\u017cnieni.<\/p>\n<p>W szczeg\u00f3lno\u015bci przepisy prawa wymagaj\u0105 od nas przetwarzania Pa\u0144stwa danych dla cel\u00f3w podatkowych, ubezpieczeniowych i rachunkowych.<\/p>\n<ol start=\"5\">\n<li><strong>Przekazywanie danych oraz profilowanie*<\/strong>:<\/li>\n<\/ol>\n<p>Pa\u0144stwa dane, je\u015bli b\u0119dzie to konieczne, mog\u0105 by\u0107 przekazane podmiotom przetwarzaj\u0105cym, kt\u00f3rym zlecimy to zadanie, np. innym zleceniobiorcom, biurom ksi\u0119gowym, kurierom, bankom, ubezpieczycielom, kancelariom prawnym, w\u0142\u0105cznie w celu wykonania uzgodnionych us\u0142ug.<\/p>\n<p>Pa\u0144stwa dane osobowe:<\/p>\n<p>&#8211; nie b\u0119d\u0105 przekazywane do pa\u0144stwa trzeciego ani organizacji mi\u0119dzynarodowej<\/p>\n<p>&#8211; nie b\u0119d\u0105 przetwarzane w spos\u00f3b zautomatyzowany i nie b\u0119d\u0105 profilowane.<\/p>\n<p>* <strong><em>Profilowanie<\/em><\/strong><em> oznacza dowoln\u0105 form\u0119 zautomatyzowanego przetwarzania danych osobowych, kt\u00f3re polega na wykorzystaniu danych osobowych do oceny niekt\u00f3rych czynnik\u00f3w osobowych osoby fizycznej, w szczeg\u00f3lno\u015bci do analizy lub prognozy aspekt\u00f3w dotycz\u0105cych pracy tej osoby fizycznej, jej sytuacji ekonomicznej, zdrowia, osobistych preferencji, zainteresowa\u0144, wiarygodno\u015bci, zachowania, lokalizacji lub przemieszczania si\u0119.<\/em><\/p>\n<ol start=\"6\">\n<li><strong>Prawa osoby, kt\u00f3rej dane dotycz\u0105<\/strong>:<\/li>\n<\/ol>\n<p>Posiadaj\u0105 Pa\u0144stwo prawo dost\u0119pu do tre\u015bci swoich danych osobowych, do ich sprostowania, do ich usuni\u0119cia, do ograniczenia ich przetwarzania, do przenoszenia danych i do wniesienia skargi do Prezesa Urz\u0119du Ochrony Danych Osobowych, gdy uznaj\u0105 Pa\u0144stwo, i\u017c przetwarzanie danych osobowych Pa\u0144stwa narusza przepisy RODO.<\/p>\n<p>Maj\u0105 te\u017c Pa\u0144stwo prawo wniesienia w przypadkach wymienionych w art. 23 ust. 1 pkt. 4 i 5 Ustawy pisemnego umotywowanego \u017c\u0105dania zaprzestania przetwarzania Pa\u0144stwa danych osobowych.<\/p>\n<ol start=\"7\">\n<li><strong>Okres przechowywania danych osobowych<\/strong>:<\/li>\n<\/ol>\n<p>Pa\u0144stwa dane osobowe b\u0119d\u0105 przechowywane wy\u0142\u0105cznie w okresie niezb\u0119dnym do realizacji postanowie\u0144 zawartych um\u00f3w lub w celach zwi\u0105zanych z korespondencj\u0105.<\/p>\n<p>Przechowujemy dane osobowe przez czas obowi\u0105zywania zlecenia \/umowy zawartej z Pa\u0144stwem, a tak\u017ce po jej zako\u0144czeniu w nast\u0119puj\u0105cych celach:<\/p>\n<p>&#8211; dochodzenia roszcze\u0144 w zwi\u0105zku z wykonywaniem umowy;<\/p>\n<p>&#8211; wykonania obowi\u0105zk\u00f3w wynikaj\u0105cych z przepis\u00f3w prawa, w tym w szczeg\u00f3lno\u015bci podatkowych i rachunkowych,<\/p>\n<p>&#8211; zapobiegania nadu\u017cyciom i oszustwom,<\/p>\n<p>&#8211; statystycznych i archiwizacyjnych, maksymalnie przez okres 10 lat od dnia zako\u0144czenia wykonania umowy.<\/p>\n<ol start=\"8\">\n<li><strong>Pliki cookies<\/strong>:<\/li>\n<\/ol>\n<p>Administrator informuje, i\u017c podczas korzystania z Serwisu w urz\u0105dzeniu ko\u0144cowym U\u017cytkownika zapisywane s\u0105 fragmenty kodu zwane \u201ecookies\u201d, kt\u00f3re s\u0105 plikami tekstowymi odpowiadaj\u0105cymi zapytaniom HTTP kierowanym do serwera Administratora. Pliki \u201ecookies\u201d s\u0105 instalowane przez ka\u017cd\u0105 przegl\u0105dark\u0119, z kt\u00f3rej U\u017cytkownik odwiedza Serwis.<\/p>\n<p>Pliki \u201ecookies\u201d, niezb\u0119dne do poprawnej funkcjonalno\u015bci strony, wykorzystywane s\u0105 w Serwisie w celu:<\/p>\n<p>&#8211; utrzymania technicznej poprawno\u015bci i ci\u0105g\u0142o\u015bci sesji pomi\u0119dzy serwerem Serwisu a urz\u0105dzeniem ko\u0144cowym U\u017cytkownika;<\/p>\n<p>&#8211; optymalizacji korzystania przez U\u017cytkownika ze stron internetowych Serwisu i dostosowania sposobu ich wy\u015bwietlania na urz\u0105dzeniu ko\u0144cowym U\u017cytkownika;<\/p>\n<p>&#8211; zapewnienia bezpiecze\u0144stwa korzystania z Serwisu.<\/p>\n<\/div><\/div><\/div><\/div><\/div>\n","protected":false},"excerpt":{"rendered":"","protected":false},"author":3,"featured_media":0,"parent":0,"menu_order":0,"comment_status":"closed","ping_status":"closed","template":"100-width.php","meta":{"footnotes":""},"class_list":["post-2407","page","type-page","status-publish","hentry"],"_links":{"self":[{"href":"https:\/\/temabiuro.pl\/index.php\/wp-json\/wp\/v2\/pages\/2407","targetHints":{"allow":["GET"]}}],"collection":[{"href":"https:\/\/temabiuro.pl\/index.php\/wp-json\/wp\/v2\/pages"}],"about":[{"href":"https:\/\/temabiuro.pl\/index.php\/wp-json\/wp\/v2\/types\/page"}],"author":[{"embeddable":true,"href":"https:\/\/temabiuro.pl\/index.php\/wp-json\/wp\/v2\/users\/3"}],"replies":[{"embeddable":true,"href":"https:\/\/temabiuro.pl\/index.php\/wp-json\/wp\/v2\/comments?post=2407"}],"version-history":[{"count":5,"href":"https:\/\/temabiuro.pl\/index.php\/wp-json\/wp\/v2\/pages\/2407\/revisions"}],"predecessor-version":[{"id":2602,"href":"https:\/\/temabiuro.pl\/index.php\/wp-json\/wp\/v2\/pages\/2407\/revisions\/2602"}],"wp:attachment":[{"href":"https:\/\/temabiuro.pl\/index.php\/wp-json\/wp\/v2\/media?parent=2407"}],"curies":[{"name":"wp","href":"https:\/\/api.w.org\/{rel}","templated":true}]}}